{"id":14,"date":"2025-01-24T13:15:57","date_gmt":"2025-01-24T19:15:57","guid":{"rendered":"https:\/\/amacuzac.gob.mx\/2025-2027\/?page_id=14"},"modified":"2026-01-21T14:23:21","modified_gmt":"2026-01-21T20:23:21","slug":"contacto","status":"publish","type":"page","link":"https:\/\/amacuzac.gob.mx\/2025-2027\/contacto\/","title":{"rendered":"Contacto"},"content":{"rendered":"<h1><strong>C\u00f3digo de conducta y de \u00c9tica<\/strong><\/h1>\n<p><strong>C\u00d3DIGO DE CONDUCTA<\/strong><\/p>\n<ul>\n<li><em>PERI\u00d3DICO TIERRA Y LIBERTAD<\/em>: &#x1f517;<a href=\"http:\/\/periodico.morelos.gob.mx\/obtenerPDF\/2025\/6456.pdf\">http:\/\/periodico.morelos.gob.mx\/obtenerPDF\/2025\/6456.pdf<\/a><\/li>\n<li><em>CONSEJER\u00cdA JURIDICA:<\/em> &#x1f517;<a href=\"http:\/\/marcojuridico.morelos.gob.mx\/archivos\/codigos\/pdf\/CCONDUCTAMUNAMACUZAC.pdf\">http:\/\/marcojuridico.morelos.gob.mx\/archivos\/codigos\/pdf\/CCONDUCTAMUNAMACUZAC.pdf<\/a><\/li>\n<\/ul>\n<p><strong>C\u00d3DIGO DE \u00c9TICA\u00a0<\/strong><\/p>\n<ul>\n<li><em>PERI\u00d3DICO TIERRA Y LIBERTAD:<\/em> &#x1f517;<a class=\"decorated-link\" href=\"http:\/\/periodico.morelos.gob.mx\/obtenerPDF\/2024\/6278.pdf\" target=\"_new\" rel=\"noopener\" data-start=\"2366\" data-end=\"2422\">http:\/\/periodico.morelos.gob.mx\/obtenerPDF\/2024\/6278.pdf<\/a><\/li>\n<li><em>CONSEJER\u00cdA JURIDICA:<\/em>\u00a0 &#x1f517;<a href=\"http:\/\/marcojuridico.morelos.gob.mx\/archivos\/codigos\/pdf\/CETICAAMACUZAC24.pdf\">http:\/\/marcojuridico.morelos.gob.mx\/archivos\/codigos\/pdf\/CETICAAMACUZAC24.pdf<\/a><\/li>\n<\/ul>\n<p>&nbsp;<\/p>\n<h1><strong>Contacto<\/strong><\/h1>\n<p><strong>N\u00famero telef\u00f3nico:<\/strong>\u00a0751 348 1714<br \/>\n<strong>Correo electr\u00f3nico:<\/strong> contacto@amacuzac.gob.mx<br \/>\n<strong>Horario de atenci\u00f3n:<\/strong> 8:00 AM &#8211; 3:00 PM.<\/p>\n<p>Av. Jos\u00e9 Mar\u00eda Morelos y Pav\u00f3n 17, Colonia Centro, C.P. 62640, Amacuzac, Morelos.<\/p>\n<p><iframe loading=\"lazy\" style=\"border: 0;\" src=\"https:\/\/www.google.com\/maps\/embed?pb=!1m18!1m12!1m3!1d3781.416914326243!2d-99.37220502534605!3d18.600308466734788!2m3!1f0!2f0!3f0!3m2!1i1024!2i768!4f13.1!3m3!1m2!1s0x85cdcd275ee0d37b%3A0xbbfee135c022d86e!2sAyuntamiento%20Amacuzac!5e0!3m2!1ses-419!2smx!4v1740244633073!5m2!1ses-419!2smx\" width=\"600\" height=\"450\" allowfullscreen=\"allowfullscreen\"><\/iframe><\/p>\n","protected":false},"excerpt":{"rendered":"<div class=\"mh-excerpt\">C\u00f3digo de conducta y de \u00c9tica C\u00d3DIGO DE CONDUCTA PERI\u00d3DICO TIERRA Y LIBERTAD: &#x1f517;http:\/\/periodico.morelos.gob.mx\/obtenerPDF\/2025\/6456.pdf CONSEJER\u00cdA JURIDICA: &#x1f517;http:\/\/marcojuridico.morelos.gob.mx\/archivos\/codigos\/pdf\/CCONDUCTAMUNAMACUZAC.pdf C\u00d3DIGO DE \u00c9TICA\u00a0 PERI\u00d3DICO TIERRA Y LIBERTAD: &#x1f517;http:\/\/periodico.morelos.gob.mx\/obtenerPDF\/2024\/6278.pdf CONSEJER\u00cdA JURIDICA:\u00a0 &#x1f517;http:\/\/marcojuridico.morelos.gob.mx\/archivos\/codigos\/pdf\/CETICAAMACUZAC24.pdf &nbsp; Contacto N\u00famero telef\u00f3nico:\u00a0751 348 1714 Correo <a class=\"mh-excerpt-more\" href=\"https:\/\/amacuzac.gob.mx\/2025-2027\/contacto\/\" title=\"Contacto\">Leer m\u00e1s&#8230;<\/a><\/div>\n","protected":false},"author":1,"featured_media":0,"parent":0,"menu_order":0,"comment_status":"closed","ping_status":"closed","template":"","meta":{"footnotes":""},"class_list":["post-14","page","type-page","status-publish"],"jetpack_sharing_enabled":true,"_links":{"self":[{"href":"https:\/\/amacuzac.gob.mx\/2025-2027\/wp-json\/wp\/v2\/pages\/14","targetHints":{"allow":["GET"]}}],"collection":[{"href":"https:\/\/amacuzac.gob.mx\/2025-2027\/wp-json\/wp\/v2\/pages"}],"about":[{"href":"https:\/\/amacuzac.gob.mx\/2025-2027\/wp-json\/wp\/v2\/types\/page"}],"author":[{"embeddable":true,"href":"https:\/\/amacuzac.gob.mx\/2025-2027\/wp-json\/wp\/v2\/users\/1"}],"replies":[{"embeddable":true,"href":"https:\/\/amacuzac.gob.mx\/2025-2027\/wp-json\/wp\/v2\/comments?post=14"}],"version-history":[{"count":8,"href":"https:\/\/amacuzac.gob.mx\/2025-2027\/wp-json\/wp\/v2\/pages\/14\/revisions"}],"predecessor-version":[{"id":1876,"href":"https:\/\/amacuzac.gob.mx\/2025-2027\/wp-json\/wp\/v2\/pages\/14\/revisions\/1876"}],"wp:attachment":[{"href":"https:\/\/amacuzac.gob.mx\/2025-2027\/wp-json\/wp\/v2\/media?parent=14"}],"curies":[{"name":"wp","href":"https:\/\/api.w.org\/{rel}","templated":true}]}}