{"id":81,"date":"2025-05-07T15:53:29","date_gmt":"2025-05-07T21:53:29","guid":{"rendered":"https:\/\/amacuzac.gob.mx\/2025-2027\/?page_id=81"},"modified":"2025-05-29T14:38:32","modified_gmt":"2025-05-29T20:38:32","slug":"buzon-ciudadano","status":"publish","type":"page","link":"https:\/\/amacuzac.gob.mx\/2025-2027\/buzon-ciudadano\/","title":{"rendered":"Buz\u00f3n ciudadano"},"content":{"rendered":"<div data-test='contact-form'\n\t\t\tid='contact-form-81'\n\t\t\tclass='jetpack-contact-form-container '\n\t\t\tdata-wp-interactive='jetpack\/form' data-wp-context='{\"formId\":\"81\",\"formHash\":\"84b6e94ea3ae62deb2ca4e5f7e041acfb1c00e7f\",\"showErrors\":false,\"errors\":[],\"fields\":[],\"isMultiStep\":false,\"useAjax\":true,\"submissionData\":null,\"formattedSubmissionData\":[],\"submissionSuccess\":false,\"submissionError\":null,\"elementId\":\"jp-form-84b6e94ea3ae62deb2ca4e5f7e041acfb1c00e7f\",\"isSingleInputForm\":false,\"isForcedHorizontal\":false}'\n\t\t\tdata-wp-watch--scroll-to-wrapper=\"callbacks.scrollToWrapper\"\n\t\t>\n<div class=\"contact-form-submission contact-form-ajax-submission\" data-wp-bind--aria-hidden=\"state.isSuccessMessageAriaHidden\" data-wp-class--submission-success=\"context.submissionSuccess\" id=\"contact-form-success-84b6e94ea3ae62deb2ca4e5f7e041acfb1c00e7f\" tabindex=\"-1\" aria-labelledby=\"contact-form-success-header-84b6e94ea3ae62deb2ca4e5f7e041acfb1c00e7f\"><p class=\"go-back-message\"><a class=\"link\" role=\"button\" tabindex=\"0\" data-wp-on--click=\"actions.goBack\" href=\"\/2025-2027\/wp-json\/wp\/v2\/pages\/81\">\u2190 Volver<\/a><\/p><h4 data-wp-bind--aria-hidden=\"state.isSuccessMessageAriaHidden\" id=\"contact-form-success-header-84b6e94ea3ae62deb2ca4e5f7e041acfb1c00e7f\">Gracias por tu respuesta. \u2728<\/h4>\n\n<template data-wp-each--submission=\"context.formattedSubmissionData\">\n\t\t\t\t\t<div class=\"jetpack_forms_contact-form-success-summary\">\n\t\t\t\t\t\t<div class=\"field-name-wrapper\">\n\t\t\t\t\t\t\t<div class=\"field-type-icon\" data-wp-watch=\"callbacks.watchFieldTypeIcon\"><\/div>\n\t\t\t\t\t\t\t<div class=\"field-name\" data-wp-text=\"context.submission.label\" data-wp-bind--hidden=\"!context.submission.label\"><\/div>\n\t\t\t\t\t\t<\/div>\n\t\t\t\t\t\t<div class=\"field-value\" data-wp-text=\"context.submission.value\" data-wp-bind--hidden=\"!context.submission.showPlainValue\"><\/div>\n\t\t\t\t\t\t<a class=\"field-url\" data-wp-bind--href=\"context.submission.url\" data-wp-text=\"context.submission.value\" data-wp-bind--hidden=\"!context.submission.url\" target=\"_blank\" rel=\"noopener noreferrer\"><\/a>\n\t\t\t\t\t\t<div class=\"field-rating\" data-wp-bind--hidden=\"!context.submission.rating\" data-wp-watch=\"callbacks.watchRatingIcons\"><\/div>\n\t\t\t\t\t\t<div class=\"field-images\" data-wp-bind--hidden=\"!context.submission.images\">\n\t\t\t\t\t\t\t<template data-wp-each--image=\"context.submission.images\">\n\t\t\t\t\t\t\t\t<div class=\"field-image-option\" data-wp-class--is-empty=\"!context.image.src\">\n\t\t\t\t\t\t\t\t\t<figure class=\"field-image-option__image\" data-wp-class--is-empty=\"!context.image.src\">\n\t\t\t\t\t\t\t\t\t\t<img data-wp-bind--src=\"context.image.src\" data-wp-bind--hidden=\"!context.image.src\" \/>\n\t\t\t\t\t\t\t\t\t\t<img decoding=\"async\" src=\"data:image\/gif;base64,R0lGODlhAQABAAD\/ACwAAAAAAQABAAACADs=\" data-wp-bind--hidden=\"context.image.src\" \/>\n\t\t\t\t\t\t\t\t\t<\/figure>\n\t\t\t\t\t\t\t\t\t<div class=\"field-image-option__label-wrapper\">\n\t\t\t\t\t\t\t\t\t\t<span class=\"field-image-option__label-code\" data-wp-text=\"context.image.letterCode\"><\/span>\n\t\t\t\t\t\t\t\t\t\t<span class=\"field-image-option__label\" data-wp-text=\"context.image.label\" data-wp-bind--hidden=\"!context.image.label\"><\/span>\n\t\t\t\t\t\t\t\t\t<\/div>\n\t\t\t\t\t\t\t\t<\/div>\n\t\t\t\t\t\t\t<\/template>\n\t\t\t\t\t\t<\/div>\n\t\t\t\t\t\t<div class=\"field-files\" data-wp-bind--hidden=\"!context.submission.files\">\n\t\t\t\t\t\t\t<template data-wp-each--file=\"context.submission.files\">\n\t\t\t\t\t\t\t\t<div class=\"field-file\">\n\t\t\t\t\t\t\t\t\t<div class=\"field-file__thumbnail\" data-wp-style--background-image=\"context.file.previewUrl\" data-wp-style--mask-image=\"context.file.iconUrl\" data-wp-bind--hidden=\"!context.file.hasPreview\"><\/div>\n\t\t\t\t\t\t\t\t\t<svg class=\"field-file__icon\" data-wp-bind--hidden=\"context.file.hasPreview\" width=\"20\" height=\"20\" viewBox=\"0 0 24 24\" fill=\"none\" xmlns=\"http:\/\/www.w3.org\/2000\/svg\" aria-hidden=\"true\">\n\t\t\t\t\t\t\t\t\t\t<path d=\"M14 2H6C4.9 2 4 2.9 4 4V20C4 21.1 4.89 22 5.99 22H18C19.1 22 20 21.1 20 20V8L14 2ZM18 20H6V4H13V9H18V20Z\" fill=\"currentColor\"\/>\n\t\t\t\t\t\t\t\t\t<\/svg>\n\t\t\t\t\t\t\t\t\t<span class=\"field-file__name\" data-wp-text=\"context.file.name\"><\/span>\n\t\t\t\t\t\t\t\t\t<span class=\"field-file__size\" data-wp-text=\"context.file.size\"><\/span>\n\t\t\t\t\t\t\t\t<\/div>\n\t\t\t\t\t\t\t<\/template>\n\t\t\t\t\t\t<\/div>\n\t\t\t\t\t<\/div>\n\t\t\t\t<\/template><\/div><form action='https:\/\/amacuzac.gob.mx\/2025-2027\/buzon-ciudadano\/'\n\t\t\t\tid='jp-form-84b6e94ea3ae62deb2ca4e5f7e041acfb1c00e7f'\n\t\t\t\tmethod='post'\n\t\t\t\tclass='contact-form commentsblock jetpack-contact-form__form has-no-jetpack-form-layout' aria-label=\"Buz\u00f3n ciudadano\"\n\t\t\t\tdata-wp-on--submit=\"actions.onFormSubmit\"\n\t\t\t\tdata-wp-on--reset=\"actions.onFormReset\"\n\t\t\t\tdata-wp-class--submission-success=\"context.submissionSuccess\"\n\t\t\t\tdata-wp-class--is-first-step=\"state.isFirstStep\"\n\t\t\t\tdata-wp-class--is-last-step=\"state.isLastStep\"\n\t\t\t\tdata-wp-class--is-ajax-form=\"context.useAjax\"\n\t\t\t\tnovalidate >\n<input type='hidden' name='jetpack_contact_form_jwt' value='eyJ0eXAiOiJKV1QiLCJhbGciOiJIUzI1NiJ9.eyJlbmNyeXB0ZWRfYXR0cmlidXRlcyI6Im8yRmhTNkpDbnRvK2RSK3NJTkNCSUlrTjY2N2tUcmtYZ1VpSmVhejFRSzE1ZjRnZ1FORWJ3Yk81NWdMQnFMQzlNMTVJQi96bTgwc2dabG1ZZ1FJOVJ2LzlXMUpCbllYWkdtOWw3cGI0a2RXQk9NTmQxTkJpaDFPUU1kMHVoaVdRSGorMXQxdlB5TFloS1BhSXVxWitIdmM5R2FySWE2cEtRYUhyWWpYdkNNRmlZZlhScHFUL0czbUIyUWRCUXIwRVBHRlI5SWdDVlIwcklteEQvOW5yQkNJM2hLdVRxY3FseHlDUWZtT3Bid283dU9qOFl2bEt4aDdPUGNpMGZSYzVndGZsd3Q3dHg3M2dJL1ZQRktyNjhLdU85U1IxN3RkNFF4V2dBWmhOUjIvU2FqKzR2RFZkSjF4aEhaL29uSmVzV0VrbUJQbmgwRTJMakZzem8zOUY4WTZGYWFYbHZsbnc0WXRYU1VkeHhVK1JCdFFxVXVOazNqdmVZd3pRMFhPSXJkei9sdWcvb0xCUHA5OWtzZGFwMEJ1YXFnZXBBNkJYcTU3clhsb2NNNlluZ2dKUld4ZS8wNlJnTDgwdEFPWk1xazFja0tlSkxnSG53Q3Z6L004WUx1cmN3T0ZFbnQ4NFdNYUJiVzNvbjdndmdRcHRvOXJZQ2NQeUhNMEcvd1docE5LSytZQ0dFN243bCtCQy9BZTlUN2NZYnlkMkFwMW5ibTZCdEFsd1YyNm13ZXJ3OS9wd3BQUk5FMDkzdHhhV0lLMjZTTTl2YnFGZEg5VmoxdWlERjh4Z3JYVXN6UUMzWFZtUDllWDlkK0RGNkQ3aXptbXJRN2pGSEtwQTVKZkorNFp2dXp3MUZHeTNaMHBvRk9ienBFNDZrYVVQM3RxY1JWZjlwVThYQ3VxSG5Rb3dGZ25BS25ndTNvRUFKdXc0VWJZMElJZG5vYi9hem1zMFVIWlJwVGN1cmdMRG1nbG1qUXMwdHJGOEIvTVQvKzBvRitYa1lodDlLN0ZzSzA1KzBUYm5lK3BEYlQyakJlWXh3TTdpalNlN3RGalBlaUt5Qjk0WjdEMzZKaHZPbVJKTFBsaGYwTkJJc2JjMTRhOTJ4aUtBRlIvYlk5TUo0NUpzemxhTVZjTkoyUDFiRDVoMEFwRG1FMWtnUERqZmR3UkRxdVdmdWtjNi9KdWNvZEcrUzNRSlhPeXJlc2R3aE4yMjduQU02QUFEeDZkdzFoNXMyMlJXIiwiY29udGVudCI6Iltjb250YWN0LWZpZWxkIGxhYmVsPVwiTm9tYnJlIGRlIGxhIHBlcnNvbmEgc2Vydmlkb3JhIHBcdTAwZmFibGljYSBxdWUgZGVzZWEgZGVudW5jaWFyLCBzaSBubyBsbyBjb25vY2UsIGVzY3JpYmEgbGEgZGVzY3JpcGNpXHUwMGYzbiBmXHUwMGVkc2ljYSBkZSBsYSBtaXNtYS5cIiB0eXBlPVwibmFtZVwiIHJlcXVpcmVkPVwiMVwiXVtjb250YWN0LWZpZWxkIGxhYmVsPVwiRGVzY3JpYmEgZWwgQ2VudHJvIGRlIFRyYWJham8gZG9uZGUgc2UgdWJpY2EgbGEgcGVyc29uYSBxdWUgZGVzZWEgZGVudW5jaWFyLlwiIHR5cGU9XCJ0ZXh0XCIgcmVxdWlyZWQ9XCIxXCJdW2NvbnRhY3QtZmllbGQgbGFiZWw9XCJFc2NyaWJhIHN1IHF1ZWphIG8gc3VnZXJlbmNpYS5cIiB0eXBlPVwidGV4dGFyZWFcIiByZXF1aXJlZD1cIjFcIl1bY29udGFjdC1maWVsZCBsYWJlbD1cIlNpIGRlc2VhIGRhciBzZWd1aW1pZW50byBhIGxhcyBtZWRpZGFzIGFkb3B0YWRhcywgcHVlZGUgZXNjcmliaXIgdW4gblx1MDBmYW1lcm8gdGVsZWZcdTAwZjNuaWNvIG8gY29ycmVvIGVsZWN0clx1MDBmM25pY28gZG9uZGUgbm9zIHBvbmRyZW1vcyBlbiBjb250YWN0by5cIiB0eXBlPVwidGV4dFwiXSIsImhhc2giOiI4NGI2ZTk0ZWEzYWU2MmRlYjJjYTRlNWY3ZTA0MWFjZmIxYzAwZTdmIiwic291cmNlIjp7ImVudHJ5X3RpdGxlIjoiQnV6XHUwMGYzbiBjaXVkYWRhbm8iLCJlbnRyeV9wYWdlIjoxLCJzb3VyY2VfaWQiOjgxLCJzb3VyY2VfdHlwZSI6InNpbmdsZSIsInJlcXVlc3RfdXJsIjoiaHR0cHM6Ly9hbWFjdXphYy5nb2IubXgvMjAyNS0yMDI3L3dwLWpzb24vd3AvdjIvcGFnZXMvODEifSwidmVyc2lvbiI6MiwiY2lwaGVyIjoiYWVzLTI1Ni1nY20ifQ.xqhmgjbqsZoSvTkwEQ58S0MJB-yN5dGLueBFrWJD8n8' \/>\n\n<div style=\"\"  data-wp-interactive=\"jetpack\/form\" data-wp-context='{\"fieldId\":\"g81-nombredelapersonaservidorapblicaquedeseadenunciarsinoloconoceescribaladescripcinfsicadelamisma\",\"fieldType\":\"name\",\"fieldLabel\":\"Nombre de la persona servidora p\\u00fablica que desea denunciar, si no lo conoce, escriba la descripci\\u00f3n f\\u00edsica de la misma.\",\"fieldValue\":\"\",\"fieldPlaceholder\":\"\",\"fieldIsRequired\":\"1\",\"fieldErrorMessage\":\"\",\"fieldExtra\":[],\"formHash\":\"84b6e94ea3ae62deb2ca4e5f7e041acfb1c00e7f\"}'  class='grunion-field-name-wrap grunion-field-wrap'  data-wp-init='callbacks.initializeField' data-wp-on--jetpack-form-reset='callbacks.initializeField' >\n<label\n\t\t\t\tfor='g81-nombredelapersonaservidorapblicaquedeseadenunciarsinoloconoceescribaladescripcinfsicadelamisma' class=\"grunion-field-label name\" >Nombre de la persona servidora p\u00fablica que desea denunciar, si no lo conoce, escriba la descripci\u00f3n f\u00edsica de la misma.<span class=\"grunion-label-required\" aria-hidden=\"true\">(obligatorio)<\/span><\/label>\n<input\n\t\t\t\t\ttype='text'\n\t\t\t\t\tname='g81-nombredelapersonaservidorapblicaquedeseadenunciarsinoloconoceescribaladescripcinfsicadelamisma'\n\t\t\t\t\tid='g81-nombredelapersonaservidorapblicaquedeseadenunciarsinoloconoceescribaladescripcinfsicadelamisma'\n\t\t\t\t\tvalue=''\n\n\t\t\t\t\tdata-wp-bind--aria-invalid='state.fieldAriaInvalid'\n\t\t\t\t\tdata-wp-bind--value='state.getFieldValue'\n\t\t\t\t\taria-describedby='g81-nombredelapersonaservidorapblicaquedeseadenunciarsinoloconoceescribaladescripcinfsicadelamisma-text-error-message'\n\t\t\t\t\tdata-wp-on--input='actions.onFieldChange'\n\t\t\t\t\tdata-wp-on--blur='actions.onFieldBlur'\n\t\t\t\t\tdata-wp-class--has-value='state.hasFieldValue'\n\n\t\t\t\t\tclass='name  grunion-field' \n\t\t\t\t\trequired='true' aria-required='true'  \/>\n \n\t\t\t<div id=\"g81-nombredelapersonaservidorapblicaquedeseadenunciarsinoloconoceescribaladescripcinfsicadelamisma-text-error\" class=\"contact-form__input-error\" data-wp-class--has-errors=\"state.fieldHasErrors\">\n\t\t\t\t<span class=\"contact-form__warning-icon\" aria-hidden=\"true\">\n\t\t\t\t\t<svg width=\"16\" height=\"16\" viewBox=\"0 0 16 16\" fill=\"none\" xmlns=\"http:\/\/www.w3.org\/2000\/svg\">\n\t\t\t\t\t\t<path d=\"M8.50015 11.6402H7.50015V10.6402H8.50015V11.6402Z\" \/>\n\t\t\t\t\t\t<path d=\"M7.50015 9.64018H8.50015V6.30684H7.50015V9.64018Z\" \/>\n\t\t\t\t\t\t<path fill-rule=\"evenodd\" clip-rule=\"evenodd\" d=\"M6.98331 3.0947C7.42933 2.30177 8.57096 2.30177 9.01698 3.09469L13.8771 11.7349C14.3145 12.5126 13.7525 13.4735 12.8602 13.4735H3.14004C2.24774 13.4735 1.68575 12.5126 2.12321 11.7349L6.98331 3.0947ZM8.14541 3.58496C8.08169 3.47168 7.9186 3.47168 7.85488 3.58496L2.99478 12.2251C2.93229 12.3362 3.01257 12.4735 3.14004 12.4735H12.8602C12.9877 12.4735 13.068 12.3362 13.0055 12.2251L8.14541 3.58496Z\" \/>\n\t\t\t\t\t<\/svg>\n\t\t\t\t<\/span>\n\t\t\t\t<span data-wp-text=\"state.errorMessage\" id=\"g81-nombredelapersonaservidorapblicaquedeseadenunciarsinoloconoceescribaladescripcinfsicadelamisma-text-error-message\"><\/span>\n\t\t\t<\/div> \n\t<\/div>\n\n<div style=\"\"  data-wp-interactive=\"jetpack\/form\" data-wp-context='{\"fieldId\":\"g81-describaelcentrodetrabajodondeseubicalapersonaquedeseadenunciar\",\"fieldType\":\"text\",\"fieldLabel\":\"Describa el Centro de Trabajo donde se ubica la persona que desea denunciar.\",\"fieldValue\":\"\",\"fieldPlaceholder\":\"\",\"fieldIsRequired\":\"1\",\"fieldErrorMessage\":\"\",\"fieldExtra\":[],\"formHash\":\"84b6e94ea3ae62deb2ca4e5f7e041acfb1c00e7f\"}'  class='grunion-field-text-wrap grunion-field-wrap'  data-wp-init='callbacks.initializeField' data-wp-on--jetpack-form-reset='callbacks.initializeField' >\n<label\n\t\t\t\tfor='g81-describaelcentrodetrabajodondeseubicalapersonaquedeseadenunciar' class=\"grunion-field-label text\" >Describa el Centro de Trabajo donde se ubica la persona que desea denunciar.<span class=\"grunion-label-required\" aria-hidden=\"true\">(obligatorio)<\/span><\/label>\n<input\n\t\t\t\t\ttype='text'\n\t\t\t\t\tname='g81-describaelcentrodetrabajodondeseubicalapersonaquedeseadenunciar'\n\t\t\t\t\tid='g81-describaelcentrodetrabajodondeseubicalapersonaquedeseadenunciar'\n\t\t\t\t\tvalue=''\n\n\t\t\t\t\tdata-wp-bind--aria-invalid='state.fieldAriaInvalid'\n\t\t\t\t\tdata-wp-bind--value='state.getFieldValue'\n\t\t\t\t\taria-describedby='g81-describaelcentrodetrabajodondeseubicalapersonaquedeseadenunciar-text-error-message'\n\t\t\t\t\tdata-wp-on--input='actions.onFieldChange'\n\t\t\t\t\tdata-wp-on--blur='actions.onFieldBlur'\n\t\t\t\t\tdata-wp-class--has-value='state.hasFieldValue'\n\n\t\t\t\t\tclass='text  grunion-field' \n\t\t\t\t\trequired='true' aria-required='true'  \/>\n \n\t\t\t<div id=\"g81-describaelcentrodetrabajodondeseubicalapersonaquedeseadenunciar-text-error\" class=\"contact-form__input-error\" data-wp-class--has-errors=\"state.fieldHasErrors\">\n\t\t\t\t<span class=\"contact-form__warning-icon\" aria-hidden=\"true\">\n\t\t\t\t\t<svg width=\"16\" height=\"16\" viewBox=\"0 0 16 16\" fill=\"none\" xmlns=\"http:\/\/www.w3.org\/2000\/svg\">\n\t\t\t\t\t\t<path d=\"M8.50015 11.6402H7.50015V10.6402H8.50015V11.6402Z\" \/>\n\t\t\t\t\t\t<path d=\"M7.50015 9.64018H8.50015V6.30684H7.50015V9.64018Z\" \/>\n\t\t\t\t\t\t<path fill-rule=\"evenodd\" clip-rule=\"evenodd\" d=\"M6.98331 3.0947C7.42933 2.30177 8.57096 2.30177 9.01698 3.09469L13.8771 11.7349C14.3145 12.5126 13.7525 13.4735 12.8602 13.4735H3.14004C2.24774 13.4735 1.68575 12.5126 2.12321 11.7349L6.98331 3.0947ZM8.14541 3.58496C8.08169 3.47168 7.9186 3.47168 7.85488 3.58496L2.99478 12.2251C2.93229 12.3362 3.01257 12.4735 3.14004 12.4735H12.8602C12.9877 12.4735 13.068 12.3362 13.0055 12.2251L8.14541 3.58496Z\" \/>\n\t\t\t\t\t<\/svg>\n\t\t\t\t<\/span>\n\t\t\t\t<span data-wp-text=\"state.errorMessage\" id=\"g81-describaelcentrodetrabajodondeseubicalapersonaquedeseadenunciar-text-error-message\"><\/span>\n\t\t\t<\/div> \n\t<\/div>\n\n<div style=\"\"  data-wp-interactive=\"jetpack\/form\" data-wp-context='{\"fieldId\":\"g81-escribasuquejaosugerencia\",\"fieldType\":\"textarea\",\"fieldLabel\":\"Escriba su queja o sugerencia.\",\"fieldValue\":\"\",\"fieldPlaceholder\":\"\",\"fieldIsRequired\":\"1\",\"fieldErrorMessage\":\"\",\"fieldExtra\":[],\"formHash\":\"84b6e94ea3ae62deb2ca4e5f7e041acfb1c00e7f\"}'  class='grunion-field-textarea-wrap grunion-field-wrap'  data-wp-init='callbacks.initializeField' data-wp-on--jetpack-form-reset='callbacks.initializeField' >\n<label\n\t\t\t\tfor='contact-form-comment-g81-escribasuquejaosugerencia' class=\"grunion-field-label textarea\" >Escriba su queja o sugerencia.<span class=\"grunion-label-required\" aria-hidden=\"true\">(obligatorio)<\/span><\/label>\n<textarea\n\t\t                style=''\n\t\t                name='g81-escribasuquejaosugerencia'\n\t\t                id='contact-form-comment-g81-escribasuquejaosugerencia'\n\t\t                rows='20'\n\t\t\t\t\t\tdata-wp-text='state.getFieldValue'\n\t\t\t\t\t\tdata-wp-on--input='actions.onFieldChange'\n\t\t\t\t\t\tdata-wp-on--blur='actions.onFieldBlur'\n\t\t\t\t\t\tdata-wp-class--has-value='state.hasFieldValue'\n\t\t\t\t\t\taria-describedby='g81-escribasuquejaosugerencia-textarea-error-message'\n\t\t\t\t\t\tdata-wp-bind--aria-invalid='state.fieldAriaInvalid'\n\t\t\t\t\t\tclass='textarea  grunion-field'  required aria-required='true'><\/textarea>\n \n\t\t\t<div id=\"g81-escribasuquejaosugerencia-textarea-error\" class=\"contact-form__input-error\" data-wp-class--has-errors=\"state.fieldHasErrors\">\n\t\t\t\t<span class=\"contact-form__warning-icon\" aria-hidden=\"true\">\n\t\t\t\t\t<svg width=\"16\" height=\"16\" viewBox=\"0 0 16 16\" fill=\"none\" xmlns=\"http:\/\/www.w3.org\/2000\/svg\">\n\t\t\t\t\t\t<path d=\"M8.50015 11.6402H7.50015V10.6402H8.50015V11.6402Z\" \/>\n\t\t\t\t\t\t<path d=\"M7.50015 9.64018H8.50015V6.30684H7.50015V9.64018Z\" \/>\n\t\t\t\t\t\t<path fill-rule=\"evenodd\" clip-rule=\"evenodd\" d=\"M6.98331 3.0947C7.42933 2.30177 8.57096 2.30177 9.01698 3.09469L13.8771 11.7349C14.3145 12.5126 13.7525 13.4735 12.8602 13.4735H3.14004C2.24774 13.4735 1.68575 12.5126 2.12321 11.7349L6.98331 3.0947ZM8.14541 3.58496C8.08169 3.47168 7.9186 3.47168 7.85488 3.58496L2.99478 12.2251C2.93229 12.3362 3.01257 12.4735 3.14004 12.4735H12.8602C12.9877 12.4735 13.068 12.3362 13.0055 12.2251L8.14541 3.58496Z\" \/>\n\t\t\t\t\t<\/svg>\n\t\t\t\t<\/span>\n\t\t\t\t<span data-wp-text=\"state.errorMessage\" id=\"g81-escribasuquejaosugerencia-textarea-error-message\"><\/span>\n\t\t\t<\/div>\n\t<\/div>\n\n<div style=\"\"  data-wp-interactive=\"jetpack\/form\" data-wp-context='{\"fieldId\":\"g81-sideseadarseguimientoalasmedidasadoptadaspuedeescribirunnmerotelefnicoocorreoelectrnicodondenospondremosencontacto\",\"fieldType\":\"text\",\"fieldLabel\":\"Si desea dar seguimiento a las medidas adoptadas, puede escribir un n\\u00famero telef\\u00f3nico o correo electr\\u00f3nico donde nos pondremos en contacto.\",\"fieldValue\":\"\",\"fieldPlaceholder\":\"\",\"fieldIsRequired\":\"\",\"fieldErrorMessage\":\"\",\"fieldExtra\":[],\"formHash\":\"84b6e94ea3ae62deb2ca4e5f7e041acfb1c00e7f\"}'  class='grunion-field-text-wrap grunion-field-wrap'  data-wp-init='callbacks.initializeField' data-wp-on--jetpack-form-reset='callbacks.initializeField' >\n<label\n\t\t\t\tfor='g81-sideseadarseguimientoalasmedidasadoptadaspuedeescribirunnmerotelefnicoocorreoelectrnicodondenospondremosencontacto' class=\"grunion-field-label text\" >Si desea dar seguimiento a las medidas adoptadas, puede escribir un n\u00famero telef\u00f3nico o correo electr\u00f3nico donde nos pondremos en contacto.<\/label>\n<input\n\t\t\t\t\ttype='text'\n\t\t\t\t\tname='g81-sideseadarseguimientoalasmedidasadoptadaspuedeescribirunnmerotelefnicoocorreoelectrnicodondenospondremosencontacto'\n\t\t\t\t\tid='g81-sideseadarseguimientoalasmedidasadoptadaspuedeescribirunnmerotelefnicoocorreoelectrnicodondenospondremosencontacto'\n\t\t\t\t\tvalue=''\n\n\t\t\t\t\tdata-wp-bind--aria-invalid='state.fieldAriaInvalid'\n\t\t\t\t\tdata-wp-bind--value='state.getFieldValue'\n\t\t\t\t\taria-describedby='g81-sideseadarseguimientoalasmedidasadoptadaspuedeescribirunnmerotelefnicoocorreoelectrnicodondenospondremosencontacto-text-error-message'\n\t\t\t\t\tdata-wp-on--input='actions.onFieldChange'\n\t\t\t\t\tdata-wp-on--blur='actions.onFieldBlur'\n\t\t\t\t\tdata-wp-class--has-value='state.hasFieldValue'\n\n\t\t\t\t\tclass='text  grunion-field' \n\t\t\t\t\t \/>\n \n\t\t\t<div id=\"g81-sideseadarseguimientoalasmedidasadoptadaspuedeescribirunnmerotelefnicoocorreoelectrnicodondenospondremosencontacto-text-error\" class=\"contact-form__input-error\" data-wp-class--has-errors=\"state.fieldHasErrors\">\n\t\t\t\t<span class=\"contact-form__warning-icon\" aria-hidden=\"true\">\n\t\t\t\t\t<svg width=\"16\" height=\"16\" viewBox=\"0 0 16 16\" fill=\"none\" xmlns=\"http:\/\/www.w3.org\/2000\/svg\">\n\t\t\t\t\t\t<path d=\"M8.50015 11.6402H7.50015V10.6402H8.50015V11.6402Z\" \/>\n\t\t\t\t\t\t<path d=\"M7.50015 9.64018H8.50015V6.30684H7.50015V9.64018Z\" \/>\n\t\t\t\t\t\t<path fill-rule=\"evenodd\" clip-rule=\"evenodd\" d=\"M6.98331 3.0947C7.42933 2.30177 8.57096 2.30177 9.01698 3.09469L13.8771 11.7349C14.3145 12.5126 13.7525 13.4735 12.8602 13.4735H3.14004C2.24774 13.4735 1.68575 12.5126 2.12321 11.7349L6.98331 3.0947ZM8.14541 3.58496C8.08169 3.47168 7.9186 3.47168 7.85488 3.58496L2.99478 12.2251C2.93229 12.3362 3.01257 12.4735 3.14004 12.4735H12.8602C12.9877 12.4735 13.068 12.3362 13.0055 12.2251L8.14541 3.58496Z\" \/>\n\t\t\t\t\t<\/svg>\n\t\t\t\t<\/span>\n\t\t\t\t<span data-wp-text=\"state.errorMessage\" id=\"g81-sideseadarseguimientoalasmedidasadoptadaspuedeescribirunnmerotelefnicoocorreoelectrnicodondenospondremosencontacto-text-error-message\"><\/span>\n\t\t\t<\/div> \n\t<\/div>\n\t<p class='contact-submit'>\n<div class=\"contact-form__error\" data-wp-class--show-errors=\"state.showFormErrors\"><span class=\"contact-form__warning-icon\" aria-hidden=\"true\"><i><\/i><\/span><span class=\"contact-form__error-message\" tabindex=\"-1\" data-wp-watch=\"callbacks.focusOnValidationError\" data-wp-text=\"state.getFormErrorMessage\"><\/span><ul aria-label=\"Errores del formulario\">\n\t\t\t\t<template data-wp-each=\"state.getErrorList\" data-wp-key=\"context.item.id\">\n\t\t\t\t\t<li><a data-wp-bind--href=\"context.item.anchor\" data-wp-on--click=\"actions.scrollIntoView\" data-wp-text=\"context.item.label\"><\/a><\/li>\n\t\t\t\t<\/template>\n\t\t\t\t<\/ul><\/div><div class=\"contact-form__error\" data-wp-class--show-errors=\"state.showSubmissionError\" data-wp-text=\"context.submissionError\" tabindex=\"-1\" data-wp-watch=\"callbacks.focusOnSubmissionError\"><\/div>\t\t<button type='submit' class='pushbutton-wide'>Enviar<\/button>\t\t<input type='hidden' name='contact-form-id' value='81' \/>\n\t\t<input type='hidden' name='action' value='grunion-contact-form' \/>\n\t\t<input type='hidden' name='contact-form-hash' value='84b6e94ea3ae62deb2ca4e5f7e041acfb1c00e7f' \/>\n\t<\/p>\n<\/form>\n<\/div>\n","protected":false},"excerpt":{"rendered":"<div class=\"mh-excerpt\"><\/div>\n","protected":false},"author":1,"featured_media":0,"parent":0,"menu_order":0,"comment_status":"closed","ping_status":"closed","template":"","meta":{"footnotes":""},"class_list":["post-81","page","type-page","status-publish"],"jetpack_sharing_enabled":true,"_links":{"self":[{"href":"https:\/\/amacuzac.gob.mx\/2025-2027\/wp-json\/wp\/v2\/pages\/81","targetHints":{"allow":["GET"]}}],"collection":[{"href":"https:\/\/amacuzac.gob.mx\/2025-2027\/wp-json\/wp\/v2\/pages"}],"about":[{"href":"https:\/\/amacuzac.gob.mx\/2025-2027\/wp-json\/wp\/v2\/types\/page"}],"author":[{"embeddable":true,"href":"https:\/\/amacuzac.gob.mx\/2025-2027\/wp-json\/wp\/v2\/users\/1"}],"replies":[{"embeddable":true,"href":"https:\/\/amacuzac.gob.mx\/2025-2027\/wp-json\/wp\/v2\/comments?post=81"}],"version-history":[{"count":6,"href":"https:\/\/amacuzac.gob.mx\/2025-2027\/wp-json\/wp\/v2\/pages\/81\/revisions"}],"predecessor-version":[{"id":87,"href":"https:\/\/amacuzac.gob.mx\/2025-2027\/wp-json\/wp\/v2\/pages\/81\/revisions\/87"}],"wp:attachment":[{"href":"https:\/\/amacuzac.gob.mx\/2025-2027\/wp-json\/wp\/v2\/media?parent=81"}],"curies":[{"name":"wp","href":"https:\/\/api.w.org\/{rel}","templated":true}]}}